{"id":1394,"date":"2020-08-28T11:52:55","date_gmt":"2020-08-28T09:52:55","guid":{"rendered":"https:\/\/media-watch.it\/credits\/"},"modified":"2025-06-04T18:50:38","modified_gmt":"2025-06-04T16:50:38","slug":"credits","status":"publish","type":"page","link":"https:\/\/media-watch.it\/de\/credits\/","title":{"rendered":"Credits"},"content":{"rendered":"<div id=\"interviews\" class=\"fusion-container-anchor\"><div class=\"fusion-fullwidth fullwidth-box fusion-builder-row-1 fusion-flex-container has-pattern-background has-mask-background hundred-percent-fullwidth non-hundred-percent-height-scrolling\" style=\"--awb-background-position:left top;--awb-border-sizes-top:0px;--awb-border-sizes-bottom:0px;--awb-border-sizes-left:0px;--awb-border-sizes-right:0px;--awb-border-radius-top-left:0px;--awb-border-radius-top-right:0px;--awb-border-radius-bottom-right:0px;--awb-border-radius-bottom-left:0px;--awb-padding-top:0px;--awb-padding-right:0px;--awb-padding-bottom:111px;--awb-padding-left:0px;--awb-margin-bottom:0px;--awb-background-color:var(--awb-color1);--awb-flex-wrap:wrap;\" ><div class=\"fusion-builder-row fusion-row fusion-flex-align-items-flex-start fusion-flex-align-content-flex-start fusion-flex-justify-content-space-around fusion-flex-content-wrap\" style=\"width:calc( 100% + 0px ) !important;max-width:calc( 100% + 0px ) !important;margin-left: calc(-0px \/ 2 );margin-right: calc(-0px \/ 2 );\"><div class=\"fusion-layout-column fusion_builder_column fusion-builder-column-0 fusion_builder_column_1_1 1_1 fusion-flex-column\" style=\"--awb-bg-color:#ffffff;--awb-bg-color-hover:#ffffff;--awb-bg-image:linear-gradient(180deg, var(--awb-color1) 0%,var(--awb-color1) 100%);--awb-bg-size:cover;--awb-width-large:100%;--awb-margin-top-large:0px;--awb-spacing-right-large:0px;--awb-margin-bottom-large:0px;--awb-spacing-left-large:0px;--awb-width-medium:100%;--awb-order-medium:0;--awb-spacing-right-medium:0px;--awb-spacing-left-medium:0px;--awb-width-small:100%;--awb-order-small:0;--awb-spacing-right-small:0px;--awb-spacing-left-small:0px;\" data-scroll-devices=\"small-visibility,medium-visibility,large-visibility\"><div class=\"fusion-column-wrapper fusion-column-has-shadow fusion-flex-justify-content-flex-start fusion-content-layout-column\"><div class=\"fusion-title title fusion-title-1 fusion-title-center fusion-title-text fusion-title-size-two\" style=\"--awb-text-color:var(--awb-color5);--awb-margin-bottom:10px;\"><div class=\"title-sep-container title-sep-container-left\"><div class=\"title-sep sep- sep-solid\" style=\"border-color:var(--awb-color3);\"><\/div><\/div><span class=\"awb-title-spacer\"><\/span><h2 class=\"fusion-title-heading title-heading-center fusion-responsive-typography-calculated\" style=\"margin:0;--fontSize:65;line-height:1.0;\">\u00a9 Copyright<\/h2><span class=\"awb-title-spacer\"><\/span><div class=\"title-sep-container title-sep-container-right\"><div class=\"title-sep sep- sep-solid\" style=\"border-color:var(--awb-color3);\"><\/div><\/div><\/div><div class=\"fusion-separator fusion-full-width-sep\" style=\"align-self: flex-start;margin-right:auto;margin-top:10px;width:100%;\"><\/div><div class=\"fusion-separator fusion-full-width-sep\" style=\"align-self: flex-start;margin-right:auto;margin-top:20px;width:100%;\"><\/div><div class=\"fusion-text fusion-text-1 fusion-text-no-margin\" style=\"--awb-content-alignment:center;--awb-text-color:var(--awb-color8);--awb-margin-top:50px;--awb-margin-bottom:100px;\"><p>Alle Inhalte dieser Website, einschlie\u00dflich Texte, Dokumente, Marken, Logos, Bilder und Grafiken, sind durch \u00a9 Urheberrecht gesch\u00fctzt.<\/p>\n<p>Den Nutzern der Website ist es nicht gestattet, sich Inhalte anzueignen, sie zu reproduzieren, zu ver\u00e4ndern, zu \u00fcbersetzen, zu verbreiten oder erneut zu ver\u00f6ffentlichen \u2013 auch nicht teilweise \u2013 oder die Inhalte in irgendeiner Form wirtschaftlich zu verwerten, insbesondere f\u00fcr berufliche Zwecke und\/oder im Zusammenhang mit der eigenen oder einer fremden beruflichen T\u00e4tigkeit, ohne ausdr\u00fcckliche Genehmigung.<\/p>\n<\/div><div class=\"fusion-builder-row fusion-builder-row-inner fusion-row fusion-flex-align-items-flex-start fusion-flex-align-content-flex-start fusion-flex-justify-content-space-around fusion-flex-content-wrap\" style=\"width:calc( 100% + 0px ) !important;max-width:calc( 100% + 0px ) !important;margin-left: calc(-0px \/ 2 );margin-right: calc(-0px \/ 2 );\"><div class=\"fusion-layout-column fusion_builder_column_inner fusion-builder-nested-column-0 fusion_builder_column_inner_1_3 1_3 fusion-flex-column fusion-flex-align-self-stretch\" style=\"--awb-bg-size:cover;--awb-width-large:33.333333333333%;--awb-margin-top-large:0px;--awb-spacing-right-large:0px;--awb-margin-bottom-large:0px;--awb-spacing-left-large:0px;--awb-width-medium:100%;--awb-order-medium:0;--awb-spacing-right-medium:0px;--awb-spacing-left-medium:0px;--awb-width-small:100%;--awb-order-small:0;--awb-spacing-right-small:0px;--awb-spacing-left-small:0px;\"><div class=\"fusion-column-wrapper fusion-column-has-shadow fusion-flex-justify-content-flex-start fusion-content-layout-column\"><div class=\"fusion-title title fusion-title-2 fusion-title-center fusion-title-text fusion-title-size-four\" style=\"--awb-text-color:var(--awb-color5);\"><div class=\"title-sep-container title-sep-container-left\"><div class=\"title-sep sep- sep-solid\" style=\"border-color:var(--awb-color3);\"><\/div><\/div><span class=\"awb-title-spacer\"><\/span><h4 class=\"fusion-title-heading title-heading-center fusion-responsive-typography-calculated\" style=\"margin:0;--fontSize:30;line-height:1.4;\">Fotografien<\/h4><span class=\"awb-title-spacer\"><\/span><div class=\"title-sep-container title-sep-container-right\"><div class=\"title-sep sep- sep-solid\" style=\"border-color:var(--awb-color3);\"><\/div><\/div><\/div><\/div><\/div><div class=\"fusion-layout-column fusion_builder_column_inner fusion-builder-nested-column-1 fusion_builder_column_inner_1_3 1_3 fusion-flex-column fusion-flex-align-self-stretch\" style=\"--awb-bg-size:cover;--awb-width-large:33.333333333333%;--awb-margin-top-large:0px;--awb-spacing-right-large:0px;--awb-margin-bottom-large:0px;--awb-spacing-left-large:0px;--awb-width-medium:100%;--awb-order-medium:0;--awb-spacing-right-medium:0px;--awb-spacing-left-medium:0px;--awb-width-small:100%;--awb-order-small:0;--awb-spacing-right-small:0px;--awb-spacing-left-small:0px;\"><div class=\"fusion-column-wrapper fusion-column-has-shadow fusion-flex-justify-content-flex-start fusion-content-layout-column\"><div class=\"fusion-title title fusion-title-3 fusion-title-center fusion-title-text fusion-title-size-four\" style=\"--awb-text-color:var(--awb-color5);\"><div class=\"title-sep-container title-sep-container-left\"><div class=\"title-sep sep- sep-solid\" style=\"border-color:var(--awb-color3);\"><\/div><\/div><span class=\"awb-title-spacer\"><\/span><h4 class=\"fusion-title-heading title-heading-center fusion-responsive-typography-calculated\" style=\"margin:0;--fontSize:30;line-height:1.4;\">Web Design<\/h4><span class=\"awb-title-spacer\"><\/span><div class=\"title-sep-container title-sep-container-right\"><div class=\"title-sep sep- sep-solid\" style=\"border-color:var(--awb-color3);\"><\/div><\/div><\/div><div class=\"fusion-text fusion-text-2\" style=\"--awb-content-alignment:center;--awb-text-color:var(--awb-color5);--awb-margin-top:25px;\"><p><strong>Paissan &#038; Partners<\/strong><\/p>\n<p><a href=\"https:\/\/paissan.com\" target=\"_blank\" rel=\"noopener\">paissan.com<\/a><\/p>\n<\/div><\/div><\/div><div class=\"fusion-layout-column fusion_builder_column_inner fusion-builder-nested-column-2 fusion_builder_column_inner_1_3 1_3 fusion-flex-column fusion-flex-align-self-stretch\" style=\"--awb-bg-size:cover;--awb-width-large:33.333333333333%;--awb-margin-top-large:0px;--awb-spacing-right-large:0px;--awb-margin-bottom-large:0px;--awb-spacing-left-large:0px;--awb-width-medium:100%;--awb-order-medium:0;--awb-spacing-right-medium:0px;--awb-spacing-left-medium:0px;--awb-width-small:100%;--awb-order-small:0;--awb-spacing-right-small:0px;--awb-spacing-left-small:0px;\"><div class=\"fusion-column-wrapper fusion-column-has-shadow fusion-flex-justify-content-flex-start fusion-content-layout-column\"><div class=\"fusion-title title fusion-title-4 fusion-title-center fusion-title-text fusion-title-size-four\" style=\"--awb-text-color:var(--awb-color5);\"><div class=\"title-sep-container title-sep-container-left\"><div class=\"title-sep sep- sep-solid\" style=\"border-color:var(--awb-color3);\"><\/div><\/div><span class=\"awb-title-spacer\"><\/span><h4 class=\"fusion-title-heading title-heading-center fusion-responsive-typography-calculated\" style=\"margin:0;--fontSize:30;line-height:1.4;\">Kommunikation<\/h4><span class=\"awb-title-spacer\"><\/span><div class=\"title-sep-container title-sep-container-right\"><div class=\"title-sep sep- sep-solid\" style=\"border-color:var(--awb-color3);\"><\/div><\/div><\/div><div class=\"fusion-text fusion-text-3\" style=\"--awb-content-alignment:center;--awb-text-color:var(--awb-color5);--awb-margin-top:25px;\"><p><strong>Mauro Paissan<\/strong><\/p>\n<p><a href=\"https:\/\/mauropaissan.it\" target=\"_blank\" rel=\"noopener\">mauropaissan.it<\/a><\/p>\n<\/div><\/div><\/div><\/div><\/div><\/div><\/div><\/div><\/div>\n","protected":false},"excerpt":{"rendered":"","protected":false},"author":1,"featured_media":0,"parent":0,"menu_order":0,"comment_status":"closed","ping_status":"closed","template":"","meta":{"footnotes":""},"class_list":["post-1394","page","type-page","status-publish","hentry"],"yoast_head":"<!-- This site is optimized with the Yoast SEO plugin v25.2 - https:\/\/yoast.com\/wordpress\/plugins\/seo\/ -->\n<title>Credits - Media Watch Institute<\/title>\n<meta name=\"robots\" content=\"index, follow, max-snippet:-1, max-image-preview:large, max-video-preview:-1\" \/>\n<link rel=\"canonical\" href=\"https:\/\/media-watch.it\/de\/credits\/\" \/>\n<meta property=\"og:locale\" content=\"de_DE\" \/>\n<meta property=\"og:type\" content=\"article\" \/>\n<meta property=\"og:title\" content=\"Credits - Media Watch Institute\" \/>\n<meta property=\"og:url\" content=\"https:\/\/media-watch.it\/de\/credits\/\" \/>\n<meta property=\"og:site_name\" content=\"Media Watch Institute\" \/>\n<meta property=\"article:modified_time\" content=\"2025-06-04T16:50:38+00:00\" \/>\n<meta name=\"twitter:card\" content=\"summary_large_image\" \/>\n<meta name=\"twitter:label1\" content=\"Gesch\u00e4tzte Lesezeit\" \/>\n\t<meta name=\"twitter:data1\" content=\"1\u00a0Minute\" \/>\n<script type=\"application\/ld+json\" class=\"yoast-schema-graph\">{\"@context\":\"https:\/\/schema.org\",\"@graph\":[{\"@type\":\"WebPage\",\"@id\":\"https:\/\/media-watch.it\/de\/credits\/\",\"url\":\"https:\/\/media-watch.it\/de\/credits\/\",\"name\":\"Credits - Media Watch Institute\",\"isPartOf\":{\"@id\":\"https:\/\/media-watch.it\/de\/#website\"},\"datePublished\":\"2020-08-28T09:52:55+00:00\",\"dateModified\":\"2025-06-04T16:50:38+00:00\",\"breadcrumb\":{\"@id\":\"https:\/\/media-watch.it\/de\/credits\/#breadcrumb\"},\"inLanguage\":\"de\",\"potentialAction\":[{\"@type\":\"ReadAction\",\"target\":[\"https:\/\/media-watch.it\/de\/credits\/\"]}]},{\"@type\":\"BreadcrumbList\",\"@id\":\"https:\/\/media-watch.it\/de\/credits\/#breadcrumb\",\"itemListElement\":[{\"@type\":\"ListItem\",\"position\":1,\"name\":\"Home\",\"item\":\"https:\/\/media-watch.it\/de\/\"},{\"@type\":\"ListItem\",\"position\":2,\"name\":\"Credits\"}]},{\"@type\":\"WebSite\",\"@id\":\"https:\/\/media-watch.it\/de\/#website\",\"url\":\"https:\/\/media-watch.it\/de\/\",\"name\":\"Media Watch Institute\",\"description\":\"Monitoraggio e analisi attivit\u00e0 dei Media\",\"publisher\":{\"@id\":\"https:\/\/media-watch.it\/de\/#organization\"},\"potentialAction\":[{\"@type\":\"SearchAction\",\"target\":{\"@type\":\"EntryPoint\",\"urlTemplate\":\"https:\/\/media-watch.it\/de\/?s={search_term_string}\"},\"query-input\":{\"@type\":\"PropertyValueSpecification\",\"valueRequired\":true,\"valueName\":\"search_term_string\"}}],\"inLanguage\":\"de\"},{\"@type\":\"Organization\",\"@id\":\"https:\/\/media-watch.it\/de\/#organization\",\"name\":\"Media Watch Institute\",\"url\":\"https:\/\/media-watch.it\/de\/\",\"logo\":{\"@type\":\"ImageObject\",\"inLanguage\":\"de\",\"@id\":\"https:\/\/media-watch.it\/de\/#\/schema\/logo\/image\/\",\"url\":\"https:\/\/media-watch.it\/wp-content\/uploads\/2025\/06\/mwrit.png\",\"contentUrl\":\"https:\/\/media-watch.it\/wp-content\/uploads\/2025\/06\/mwrit.png\",\"width\":896,\"height\":578,\"caption\":\"Media Watch Institute\"},\"image\":{\"@id\":\"https:\/\/media-watch.it\/de\/#\/schema\/logo\/image\/\"}}]}<\/script>\n<!-- \/ Yoast SEO plugin. -->","yoast_head_json":{"title":"Credits - Media Watch Institute","robots":{"index":"index","follow":"follow","max-snippet":"max-snippet:-1","max-image-preview":"max-image-preview:large","max-video-preview":"max-video-preview:-1"},"canonical":"https:\/\/media-watch.it\/de\/credits\/","og_locale":"de_DE","og_type":"article","og_title":"Credits - Media Watch Institute","og_url":"https:\/\/media-watch.it\/de\/credits\/","og_site_name":"Media Watch Institute","article_modified_time":"2025-06-04T16:50:38+00:00","twitter_card":"summary_large_image","twitter_misc":{"Gesch\u00e4tzte Lesezeit":"1\u00a0Minute"},"schema":{"@context":"https:\/\/schema.org","@graph":[{"@type":"WebPage","@id":"https:\/\/media-watch.it\/de\/credits\/","url":"https:\/\/media-watch.it\/de\/credits\/","name":"Credits - Media Watch Institute","isPartOf":{"@id":"https:\/\/media-watch.it\/de\/#website"},"datePublished":"2020-08-28T09:52:55+00:00","dateModified":"2025-06-04T16:50:38+00:00","breadcrumb":{"@id":"https:\/\/media-watch.it\/de\/credits\/#breadcrumb"},"inLanguage":"de","potentialAction":[{"@type":"ReadAction","target":["https:\/\/media-watch.it\/de\/credits\/"]}]},{"@type":"BreadcrumbList","@id":"https:\/\/media-watch.it\/de\/credits\/#breadcrumb","itemListElement":[{"@type":"ListItem","position":1,"name":"Home","item":"https:\/\/media-watch.it\/de\/"},{"@type":"ListItem","position":2,"name":"Credits"}]},{"@type":"WebSite","@id":"https:\/\/media-watch.it\/de\/#website","url":"https:\/\/media-watch.it\/de\/","name":"Media Watch Institute","description":"Monitoraggio e analisi attivit\u00e0 dei Media","publisher":{"@id":"https:\/\/media-watch.it\/de\/#organization"},"potentialAction":[{"@type":"SearchAction","target":{"@type":"EntryPoint","urlTemplate":"https:\/\/media-watch.it\/de\/?s={search_term_string}"},"query-input":{"@type":"PropertyValueSpecification","valueRequired":true,"valueName":"search_term_string"}}],"inLanguage":"de"},{"@type":"Organization","@id":"https:\/\/media-watch.it\/de\/#organization","name":"Media Watch Institute","url":"https:\/\/media-watch.it\/de\/","logo":{"@type":"ImageObject","inLanguage":"de","@id":"https:\/\/media-watch.it\/de\/#\/schema\/logo\/image\/","url":"https:\/\/media-watch.it\/wp-content\/uploads\/2025\/06\/mwrit.png","contentUrl":"https:\/\/media-watch.it\/wp-content\/uploads\/2025\/06\/mwrit.png","width":896,"height":578,"caption":"Media Watch Institute"},"image":{"@id":"https:\/\/media-watch.it\/de\/#\/schema\/logo\/image\/"}}]}},"_links":{"self":[{"href":"https:\/\/media-watch.it\/de\/wp-json\/wp\/v2\/pages\/1394","targetHints":{"allow":["GET"]}}],"collection":[{"href":"https:\/\/media-watch.it\/de\/wp-json\/wp\/v2\/pages"}],"about":[{"href":"https:\/\/media-watch.it\/de\/wp-json\/wp\/v2\/types\/page"}],"author":[{"embeddable":true,"href":"https:\/\/media-watch.it\/de\/wp-json\/wp\/v2\/users\/1"}],"replies":[{"embeddable":true,"href":"https:\/\/media-watch.it\/de\/wp-json\/wp\/v2\/comments?post=1394"}],"version-history":[{"count":2,"href":"https:\/\/media-watch.it\/de\/wp-json\/wp\/v2\/pages\/1394\/revisions"}],"predecessor-version":[{"id":1403,"href":"https:\/\/media-watch.it\/de\/wp-json\/wp\/v2\/pages\/1394\/revisions\/1403"}],"wp:attachment":[{"href":"https:\/\/media-watch.it\/de\/wp-json\/wp\/v2\/media?parent=1394"}],"curies":[{"name":"wp","href":"https:\/\/api.w.org\/{rel}","templated":true}]}}