{"id":1396,"date":"2025-06-04T14:34:08","date_gmt":"2025-06-04T12:34:08","guid":{"rendered":"https:\/\/media-watch.it\/cookie\/"},"modified":"2025-06-05T13:03:38","modified_gmt":"2025-06-05T11:03:38","slug":"cookie","status":"publish","type":"page","link":"https:\/\/media-watch.it\/de\/cookie\/","title":{"rendered":"Cookie Policy"},"content":{"rendered":"<div id=\"interviews\" class=\"fusion-container-anchor\"><div class=\"fusion-fullwidth fullwidth-box fusion-builder-row-1 fusion-flex-container has-pattern-background has-mask-background hundred-percent-fullwidth non-hundred-percent-height-scrolling\" style=\"--awb-background-position:left top;--awb-border-sizes-top:0px;--awb-border-sizes-bottom:0px;--awb-border-sizes-left:0px;--awb-border-sizes-right:0px;--awb-border-radius-top-left:0px;--awb-border-radius-top-right:0px;--awb-border-radius-bottom-right:0px;--awb-border-radius-bottom-left:0px;--awb-padding-top:0px;--awb-padding-right:0px;--awb-padding-bottom:111px;--awb-padding-left:0px;--awb-margin-bottom:0px;--awb-background-color:var(--awb-color1);--awb-flex-wrap:wrap;\" ><div class=\"fusion-builder-row fusion-row fusion-flex-align-items-flex-start fusion-flex-align-content-flex-start fusion-flex-justify-content-space-around fusion-flex-content-wrap\" style=\"width:calc( 100% + 0px ) !important;max-width:calc( 100% + 0px ) !important;margin-left: calc(-0px \/ 2 );margin-right: calc(-0px \/ 2 );\"><div class=\"fusion-layout-column fusion_builder_column fusion-builder-column-0 fusion_builder_column_1_1 1_1 fusion-flex-column\" style=\"--awb-bg-color:#ffffff;--awb-bg-color-hover:#ffffff;--awb-bg-image:linear-gradient(180deg, var(--awb-color1) 0%,var(--awb-color1) 100%);--awb-bg-size:cover;--awb-width-large:100%;--awb-margin-top-large:0px;--awb-spacing-right-large:0px;--awb-margin-bottom-large:0px;--awb-spacing-left-large:0px;--awb-width-medium:100%;--awb-order-medium:0;--awb-spacing-right-medium:0px;--awb-spacing-left-medium:0px;--awb-width-small:100%;--awb-order-small:0;--awb-spacing-right-small:0px;--awb-spacing-left-small:0px;\" data-scroll-devices=\"small-visibility,medium-visibility,large-visibility\"><div class=\"fusion-column-wrapper fusion-column-has-shadow fusion-flex-justify-content-flex-start fusion-content-layout-column\"><div class=\"fusion-text fusion-text-1\"><p>Wie viele andere Websites verwendet auch unsere \u201eCookies\u201c.<\/p>\n<p><strong>Was sind Cookies?<\/strong><\/p>\n<p>Cookies sind kleine Dateien, die dem Benutzer helfen, seine Suche und\/oder Navigation innerhalb der Site zu verbessern. Beim Surfen speichert der verwendete Browser (Internet Explorer, Google Chrome, Safari usw.) kleine Textdateien, sogenannte Cookies, die Informationen \u00fcber den Benutzer enthalten k\u00f6nnen, wie etwa Vorlieben, Geschmack und Interessen.<\/p>\n<p><strong>Welche Arten von Cookies gibt es und welche Arten von Cookies werden beim Surfen auf unserer Website generiert?<\/strong><\/p>\n<p>Es gibt haupts\u00e4chlich zwei Arten von Cookies: \u2022 Tempor\u00e4re (oder Sitzungs-)Cookies, die Informationen f\u00fcr die zum Surfen im Internet erforderliche Zeit speichern und gel\u00f6scht werden, sobald Sie den Browser schlie\u00dfen oder den Computer ausschalten; \u2022 Dauerhaft, die Informationen auf dem Computer speichern und beibehalten, bis das Cookie selbst gel\u00f6scht wird, und die die automatische Wiederherstellung zuvor eingegebener Informationen erm\u00f6glichen.<\/p>\n<p><strong>Beim Surfen auf der Website k\u00f6nnen verschiedene Arten von Cookies generiert werden:<\/strong><\/p>\n<p>Anonyme Analyse-Cookies;<br \/>\nCookies zur Website-Performance;<br \/>\nCookies von Drittanbietern.<\/p>\n<p>Die Website verwendet mithilfe von Cookies gesammelte Daten, um dem Benutzer das bestm\u00f6gliche Browser-Erlebnis zu bieten (\u201eSite-Performance-Cookies\u201c). Die durch die Navigation erzeugten Cookies dienen ausschlie\u00dflich statistischen Zwecken (\u201eanonyme Analyse-Cookies\u201c) und erm\u00f6glichen keine Identifizierung bestimmter Personen. Es ist m\u00f6glich, dass Dritte auf einigen Seiten der Website ihre eigenen anonymen Cookies (\u201eCookies von Drittanbietern\u201c) setzen, um die Funktionsweise ihrer Anwendung zu verfolgen oder diese zu personalisieren und sie an den Geschmack und die Vorlieben des Benutzers anzupassen.<\/p>\n<p>Zur Analyse der Nutzung der Website durch die Nutzer verwenden wir Google Analytics, einen Webanalysedienst der Google Inc. (\u201eGoogle\u201c). Diese Cookies sammeln anonym Informationen \u00fcber die Benutzeraktivit\u00e4t auf der Site. Weitere Informationen finden Sie in der Datenschutzerkl\u00e4rung von Google unter: http:\/\/www.google.com\/privacypolicy.html<\/p>\n<p>Unsere Website verwendet keine Profilierungs- oder Werbe-Cookies. Dabei handelt es sich um Cookies, die zum Erstellen von Benutzerprofilen erforderlich sind, um Werbebotschaften entsprechend den vom Benutzer auf den Seiten der Site ge\u00e4u\u00dferten Pr\u00e4ferenzen zu senden.<\/p>\n<p><strong>Wie kann ich Cookies deaktivieren?<\/strong><\/p>\n<p>Der Benutzer kann die in seinem Browser vorhandenen oder von dieser Website stammenden Cookies jederzeit deaktivieren und\/oder blockieren, indem er die Option zum L\u00f6schen von Cookies im Browser oder auf dem verwendeten Ger\u00e4t aktiviert. Sobald die \u00dcbermittlung von Cookies deaktiviert und\/oder blockiert wurde, ist die Navigation auf der Website normal m\u00f6glich, auch wenn es beim Laden der Seiten zu Verz\u00f6gerungen kommen kann.<\/p>\n<p>F\u00fcr weitere Informationen zum Verwalten und Deaktivieren von Cookies, je nach verwendetem Browser, klicken Sie direkt auf die folgenden Links:<\/p>\n<p><a href=\"https:\/\/support.google.com\/chrome\/answer\/95647?hl=it&amp;topic=14666&amp;ctx=topic\" target=\"_blank\" rel=\"noopener noreferrer\">Google Chrome;<\/a><br \/>\n<a href=\"https:\/\/support.mozilla.org\/it\/kb\/Attivare%20e%20disattivare%20i%20cookie\" target=\"_blank\" rel=\"noopener noreferrer\">Mozilla Firefox;<\/a><br \/>\n<a href=\"https:\/\/support.apple.com\/?path=Safari\/5.0\/en\/11471.html\" target=\"_blank\" rel=\"noopener noreferrer\">Apple Safari;<\/a><br \/>\n<a href=\"https:\/\/www.opera.com\/help\/tutorials\/security\/privacy\/\" target=\"_blank\" rel=\"noopener noreferrer\">Opera;<\/a><br \/>\n<a href=\"https:\/\/support.microsoft.com\/it-it\/help\/17442\/windows-internet-explorer-delete-manage-cookies\" target=\"_blank\" rel=\"noopener noreferrer\">Microsoft Windows Explorer.<\/a><\/p>\n<p><strong>Informieren Sie sich und verwalten Sie Service-Cookies von Drittanbietern:<\/strong><\/p>\n<p><a href=\"https:\/\/adssettings.google.com\/authenticated?hl=de\" target=\"_blank\" rel=\"noopener noreferrer\">Google Ads: Einstellungen f\u00fcr Google Ads<\/a><br \/>\n<a href=\"https:\/\/adssettings.google.com\/authenticated?hl=de\" target=\"_blank\" rel=\"noopener noreferrer\">Google Analytics: Browser-Add-on zur Deaktivierung von Google Analytics<\/a><br \/>\n<a href=\"https:\/\/www.facebook.com\/policies\/cookies\/\" target=\"_blank\" rel=\"noopener noreferrer\">Facebook: Cookies, Pixel und \u00e4hnliche Technologien<\/a><br \/>\n<a href=\"https:\/\/help.twitter.com\/it\/rules-and-policies\/twitter-cookies\" target=\"_blank\" rel=\"noopener noreferrer\">Twitter: Verwendung von Cookies und anderen \u00e4hnlichen Technologien durch Twitter<\/a><\/p>\n<p><strong>Wie kann ich die Installation von Cookies kontrollieren?<\/strong><\/p>\n<p>Unbeschadet des Vorstehenden bez\u00fcglich der f\u00fcr die Navigation unbedingt erforderlichen Cookies kann der Benutzer andere Cookies mithilfe der vom Verantwortlichen zu diesem Zweck bereitgestellten Funktionalit\u00e4t \u00fcber diese Informationen oder direkt \u00fcber seinen Browser l\u00f6schen. \u00dcber Ihre Browsereinstellungen k\u00f6nnen Sie auch in der Vergangenheit installierte Cookies l\u00f6schen, darunter auch das Cookie, in dem m\u00f6glicherweise die Zustimmung zur Installation von Cookies durch diese Site gespeichert ist. Jeder Browser verf\u00fcgt \u00fcber unterschiedliche Verfahren zur Verwaltung der Einstellungen.<\/p>\n<p><strong>Andere Indikationen<\/strong><\/p>\n<p>Bei Diensten, die von Drittanbietern bereitgestellt werden, kann der Benutzer sein Widerspruchsrecht auch aus\u00fcben, indem er sich \u00fcber die Datenschutzrichtlinie des Drittanbieters informiert, \u00fcber den Opt-out-Link (sofern dieser ausdr\u00fccklich bereitgestellt wird) oder indem er sich direkt an den Drittanbieter wendet. Unbeschadet des Vorstehenden informiert der Datenverantwortliche, dass der Benutzer von \u201eIhre Online-Auswahl\u201c profitieren kann. \u00dcber diesen Dienst ist es m\u00f6glich, die Tracking-Einstellungen der meisten Werbetools zu verwalten. Der Eigent\u00fcmer empfiehlt den Benutzern daher, diese Ressource zus\u00e4tzlich zu den in diesem Dokument bereitgestellten Informationen zu verwenden. Da die Installation von Cookies und anderen Tracking-Systemen von Drittanbietern technisch nicht durch den Eigent\u00fcmer kontrolliert werden kann, ist jeder spezifische Hinweis auf von Drittanbietern installierte Cookies und Tracking-Systeme als indikativ zu betrachten. Vollst\u00e4ndige Informationen finden Sie in der Datenschutzrichtlinie aller in diesem Dokument aufgef\u00fchrten Drittanbieterdienste. Angesichts der objektiven Komplexit\u00e4t im Zusammenhang mit der Identifizierung von Technologien, die auf Cookies basieren, und ihrer sehr engen Integration in die Funktionsweise des Internets wird der Benutzer gebeten, sich an den Eigent\u00fcmer zu wenden, wenn er weitere Informationen zur Verwendung der Cookies selbst und zu deren m\u00f6glichen Verwendungen \u2013 beispielsweise durch Dritte \u2013 \u00fcber diese Site erhalten m\u00f6chte.<\/p>\n<\/div><\/div><\/div><\/div><\/div><\/div>\n","protected":false},"excerpt":{"rendered":"","protected":false},"author":1,"featured_media":0,"parent":0,"menu_order":0,"comment_status":"closed","ping_status":"closed","template":"","meta":{"footnotes":""},"class_list":["post-1396","page","type-page","status-publish","hentry"],"yoast_head":"<!-- This site is optimized with the Yoast SEO plugin v25.2 - https:\/\/yoast.com\/wordpress\/plugins\/seo\/ -->\n<title>Cookie Policy - Media Watch Institute<\/title>\n<meta name=\"robots\" content=\"index, follow, max-snippet:-1, max-image-preview:large, max-video-preview:-1\" \/>\n<link rel=\"canonical\" href=\"https:\/\/media-watch.it\/de\/cookie\/\" \/>\n<meta property=\"og:locale\" content=\"de_DE\" \/>\n<meta property=\"og:type\" content=\"article\" \/>\n<meta property=\"og:title\" content=\"Cookie Policy - Media Watch Institute\" \/>\n<meta property=\"og:url\" content=\"https:\/\/media-watch.it\/de\/cookie\/\" \/>\n<meta property=\"og:site_name\" content=\"Media Watch Institute\" \/>\n<meta property=\"article:modified_time\" content=\"2025-06-05T11:03:38+00:00\" \/>\n<meta name=\"twitter:card\" content=\"summary_large_image\" \/>\n<meta name=\"twitter:label1\" content=\"Gesch\u00e4tzte Lesezeit\" \/>\n\t<meta name=\"twitter:data1\" content=\"5\u00a0Minuten\" \/>\n<script type=\"application\/ld+json\" class=\"yoast-schema-graph\">{\"@context\":\"https:\/\/schema.org\",\"@graph\":[{\"@type\":\"WebPage\",\"@id\":\"https:\/\/media-watch.it\/de\/cookie\/\",\"url\":\"https:\/\/media-watch.it\/de\/cookie\/\",\"name\":\"Cookie Policy - Media Watch Institute\",\"isPartOf\":{\"@id\":\"https:\/\/media-watch.it\/de\/#website\"},\"datePublished\":\"2025-06-04T12:34:08+00:00\",\"dateModified\":\"2025-06-05T11:03:38+00:00\",\"breadcrumb\":{\"@id\":\"https:\/\/media-watch.it\/de\/cookie\/#breadcrumb\"},\"inLanguage\":\"de\",\"potentialAction\":[{\"@type\":\"ReadAction\",\"target\":[\"https:\/\/media-watch.it\/de\/cookie\/\"]}]},{\"@type\":\"BreadcrumbList\",\"@id\":\"https:\/\/media-watch.it\/de\/cookie\/#breadcrumb\",\"itemListElement\":[{\"@type\":\"ListItem\",\"position\":1,\"name\":\"Home\",\"item\":\"https:\/\/media-watch.it\/de\/\"},{\"@type\":\"ListItem\",\"position\":2,\"name\":\"Cookie Policy\"}]},{\"@type\":\"WebSite\",\"@id\":\"https:\/\/media-watch.it\/de\/#website\",\"url\":\"https:\/\/media-watch.it\/de\/\",\"name\":\"Media Watch Institute\",\"description\":\"Monitoraggio e analisi attivit\u00e0 dei Media\",\"publisher\":{\"@id\":\"https:\/\/media-watch.it\/de\/#organization\"},\"potentialAction\":[{\"@type\":\"SearchAction\",\"target\":{\"@type\":\"EntryPoint\",\"urlTemplate\":\"https:\/\/media-watch.it\/de\/?s={search_term_string}\"},\"query-input\":{\"@type\":\"PropertyValueSpecification\",\"valueRequired\":true,\"valueName\":\"search_term_string\"}}],\"inLanguage\":\"de\"},{\"@type\":\"Organization\",\"@id\":\"https:\/\/media-watch.it\/de\/#organization\",\"name\":\"Media Watch Institute\",\"url\":\"https:\/\/media-watch.it\/de\/\",\"logo\":{\"@type\":\"ImageObject\",\"inLanguage\":\"de\",\"@id\":\"https:\/\/media-watch.it\/de\/#\/schema\/logo\/image\/\",\"url\":\"https:\/\/media-watch.it\/wp-content\/uploads\/2025\/06\/mwrit.png\",\"contentUrl\":\"https:\/\/media-watch.it\/wp-content\/uploads\/2025\/06\/mwrit.png\",\"width\":896,\"height\":578,\"caption\":\"Media Watch Institute\"},\"image\":{\"@id\":\"https:\/\/media-watch.it\/de\/#\/schema\/logo\/image\/\"}}]}<\/script>\n<!-- \/ Yoast SEO plugin. -->","yoast_head_json":{"title":"Cookie Policy - Media Watch Institute","robots":{"index":"index","follow":"follow","max-snippet":"max-snippet:-1","max-image-preview":"max-image-preview:large","max-video-preview":"max-video-preview:-1"},"canonical":"https:\/\/media-watch.it\/de\/cookie\/","og_locale":"de_DE","og_type":"article","og_title":"Cookie Policy - Media Watch Institute","og_url":"https:\/\/media-watch.it\/de\/cookie\/","og_site_name":"Media Watch Institute","article_modified_time":"2025-06-05T11:03:38+00:00","twitter_card":"summary_large_image","twitter_misc":{"Gesch\u00e4tzte Lesezeit":"5\u00a0Minuten"},"schema":{"@context":"https:\/\/schema.org","@graph":[{"@type":"WebPage","@id":"https:\/\/media-watch.it\/de\/cookie\/","url":"https:\/\/media-watch.it\/de\/cookie\/","name":"Cookie Policy - Media Watch Institute","isPartOf":{"@id":"https:\/\/media-watch.it\/de\/#website"},"datePublished":"2025-06-04T12:34:08+00:00","dateModified":"2025-06-05T11:03:38+00:00","breadcrumb":{"@id":"https:\/\/media-watch.it\/de\/cookie\/#breadcrumb"},"inLanguage":"de","potentialAction":[{"@type":"ReadAction","target":["https:\/\/media-watch.it\/de\/cookie\/"]}]},{"@type":"BreadcrumbList","@id":"https:\/\/media-watch.it\/de\/cookie\/#breadcrumb","itemListElement":[{"@type":"ListItem","position":1,"name":"Home","item":"https:\/\/media-watch.it\/de\/"},{"@type":"ListItem","position":2,"name":"Cookie Policy"}]},{"@type":"WebSite","@id":"https:\/\/media-watch.it\/de\/#website","url":"https:\/\/media-watch.it\/de\/","name":"Media Watch Institute","description":"Monitoraggio e analisi attivit\u00e0 dei Media","publisher":{"@id":"https:\/\/media-watch.it\/de\/#organization"},"potentialAction":[{"@type":"SearchAction","target":{"@type":"EntryPoint","urlTemplate":"https:\/\/media-watch.it\/de\/?s={search_term_string}"},"query-input":{"@type":"PropertyValueSpecification","valueRequired":true,"valueName":"search_term_string"}}],"inLanguage":"de"},{"@type":"Organization","@id":"https:\/\/media-watch.it\/de\/#organization","name":"Media Watch Institute","url":"https:\/\/media-watch.it\/de\/","logo":{"@type":"ImageObject","inLanguage":"de","@id":"https:\/\/media-watch.it\/de\/#\/schema\/logo\/image\/","url":"https:\/\/media-watch.it\/wp-content\/uploads\/2025\/06\/mwrit.png","contentUrl":"https:\/\/media-watch.it\/wp-content\/uploads\/2025\/06\/mwrit.png","width":896,"height":578,"caption":"Media Watch Institute"},"image":{"@id":"https:\/\/media-watch.it\/de\/#\/schema\/logo\/image\/"}}]}},"_links":{"self":[{"href":"https:\/\/media-watch.it\/de\/wp-json\/wp\/v2\/pages\/1396","targetHints":{"allow":["GET"]}}],"collection":[{"href":"https:\/\/media-watch.it\/de\/wp-json\/wp\/v2\/pages"}],"about":[{"href":"https:\/\/media-watch.it\/de\/wp-json\/wp\/v2\/types\/page"}],"author":[{"embeddable":true,"href":"https:\/\/media-watch.it\/de\/wp-json\/wp\/v2\/users\/1"}],"replies":[{"embeddable":true,"href":"https:\/\/media-watch.it\/de\/wp-json\/wp\/v2\/comments?post=1396"}],"version-history":[{"count":2,"href":"https:\/\/media-watch.it\/de\/wp-json\/wp\/v2\/pages\/1396\/revisions"}],"predecessor-version":[{"id":1423,"href":"https:\/\/media-watch.it\/de\/wp-json\/wp\/v2\/pages\/1396\/revisions\/1423"}],"wp:attachment":[{"href":"https:\/\/media-watch.it\/de\/wp-json\/wp\/v2\/media?parent=1396"}],"curies":[{"name":"wp","href":"https:\/\/api.w.org\/{rel}","templated":true}]}}